{"id":1549,"date":"2015-09-16T11:52:13","date_gmt":"2015-09-16T11:52:13","guid":{"rendered":"https:\/\/burst.mikado-themes.com\/burst3\/?page_id=1549"},"modified":"2018-09-24T12:01:07","modified_gmt":"2018-09-24T18:01:07","slug":"proceso","status":"publish","type":"page","link":"https:\/\/dextrafinanciera.com\/en\/proceso\/","title":{"rendered":"Our Process"},"content":{"rendered":"<div class=\"wpb-content-wrapper\"><div      class=\"vc_row wpb_row section\" style=' text-align:left;'><div class=\"full_section_inner clearfix\"><div class=\"wpb_column vc_column_container vc_col-sm-12\"><div class=\"vc_column-inner\"><div class=\"wpb_wrapper\">\n\t<div class=\"wpb_raw_code wpb_raw_html wpb_content_element\" >\n\t\t<div class=\"wpb_wrapper\">\n\t\t\t<!-- TradingView Widget BEGIN -->\n<div class=\"tradingview-widget-container\">\n  <div class=\"tradingview-widget-container__widget\"><\/div>\n  <script type=\"text\/javascript\" src=\"https:\/\/s3.tradingview.com\/external-embedding\/embed-widget-tickers.js\" async>\n  {\n  \"symbols\": [\n    {\n      \"title\": \"Nasdaq 100\",\n      \"proName\": \"INDEX:IUXX\"\n    },\n    {\n      \"title\": \"EUR\/USD\",\n      \"proName\": \"FX_IDC:EURUSD\"\n    },\n    {\n      \"description\": \"DOW JONES\",\n      \"proName\": \"FX:USDOLLAR\"\n    },\n    {\n      \"description\": \"EUR\/MXP\",\n      \"proName\": \"FOREXCOM:EURMXN\"\n    },\n    {\n      \"description\": \"USD\/MXP\",\n      \"proName\": \"FX_IDC:USDMXN\"\n    },\n    {\n      \"description\": \"EUR\/USA\",\n      \"proName\": \"FX:EURUSD\"\n    }\n  ],\n  \"locale\": \"en\"\n}\n  <\/script>\n<\/div>\n<!-- TradingView Widget END -->\n\t\t<\/div>\n\t<\/div>\n<\/div><\/div><\/div><\/div><\/div><div      class=\"vc_row wpb_row section\" style=' padding-top:79px; text-align:center;'><div class=\"full_section_inner clearfix\"><div class=\"wpb_column vc_column_container vc_col-sm-12\"><div class=\"vc_column-inner\"><div class=\"wpb_wrapper\">\n\t<div class=\"wpb_text_column wpb_content_element\">\n\t\t<div class=\"wpb_wrapper\">\n\t\t\t<h3 style=\"text-align: center;\">STEPS TO CONTRACT DEXTRA SERVICES<\/h3>\n\n\t\t<\/div> \n\t<\/div> <div class=\"separator  small center\" style=\"border-color: #cbcfd3;border-bottom-width:2px;width:58px;margin-top:33px;margin-bottom:42px\"><\/div>\n<\/div><\/div><\/div><\/div><\/div><div      class=\"vc_row wpb_row section grid_section\" style=' padding-bottom:100px; text-align:left;'><div class=\"section_inner clearfix\"><div class='section_inner_margin clearfix'><div class=\"wpb_column vc_column_container vc_col-sm-12 vc_col-lg-4 vc_col-md-4\"><div class=\"vc_column-inner\"><div class=\"wpb_wrapper\">\n\t<div class=\"wpb_single_image wpb_content_element vc_align_center\">\n\t\t<div class=\"wpb_wrapper   numbered_image\">\n\t\t\t\n\t\t\t<div class=\"vc_single_image-wrapper   vc_box_border_grey\"><div class=\"image_number_holder\"><span>01<\/span><\/div><img loading=\"lazy\" decoding=\"async\" width=\"600\" height=\"401\" src=\"https:\/\/dextrafinanciera.com\/wp-content\/uploads\/2018\/08\/p01.jpg\" class=\"vc_single_image-img attachment-full\" alt=\"\" title=\"p01\" srcset=\"https:\/\/dextrafinanciera.com\/wp-content\/uploads\/2018\/08\/p01.jpg 600w, https:\/\/dextrafinanciera.com\/wp-content\/uploads\/2018\/08\/p01-300x201.jpg 300w\" sizes=\"auto, (max-width: 600px) 100vw, 600px\" \/><\/div>\n\t\t<\/div>\n\t<\/div>\n<div class=\"separator  transparent\" style=\"margin-top:37px;margin-bottom:0px\"><\/div>\n\n\t<div class=\"wpb_text_column wpb_content_element\">\n\t\t<div class=\"wpb_wrapper\">\n\t\t\t<h5><strong>IDENTIFY YOUR SOLUTION<\/strong><\/h5>\n\n\t\t<\/div> \n\t<\/div> <div class=\"separator  transparent\" style=\"margin-top:20px;margin-bottom:0px\"><\/div>\n\n\t<div class=\"wpb_text_column wpb_content_element\">\n\t\t<div class=\"wpb_wrapper\">\n\t\t\t<p class=\"p1\" style=\"text-align: justify;\"><span class=\"s1\">At Dextra, we understand that each client is unique. That\u2019s why we identify your specific needs to provide tailored alternatives with the ideal financial products for you.\u00a0<\/span><\/p>\n\n\t\t<\/div> \n\t<\/div> <div class=\"separator  transparent\" style=\"margin-top:50px;margin-bottom:0px\"><\/div>\n<a href=\"https:\/\/dextrafinanciera.com\/en\/contacto\/\" target=\"_self\"  class=\"qbutton  fill_from_bottom icon_right\" style=\"background-color: #224c5b;\"><span class=\"text_wrap\" data-text=\"Cont\u00e1ctanos\"  style=\"\">Contact Us<\/span><span class=\"a_overlay\" style=\"\"><\/span><\/a><div class=\"separator  transparent\" style=\"margin-top:50px;margin-bottom:0px\"><\/div>\n<\/div><\/div><\/div><div class=\"wpb_column vc_column_container vc_col-sm-12 vc_col-lg-4 vc_col-md-4\"><div class=\"vc_column-inner\"><div class=\"wpb_wrapper\">\n\t<div class=\"wpb_single_image wpb_content_element vc_align_center\">\n\t\t<div class=\"wpb_wrapper   numbered_image\">\n\t\t\t\n\t\t\t<div class=\"vc_single_image-wrapper   vc_box_border_grey\"><div class=\"image_number_holder\"><span>02<\/span><\/div><img loading=\"lazy\" decoding=\"async\" width=\"600\" height=\"401\" src=\"https:\/\/dextrafinanciera.com\/wp-content\/uploads\/2018\/08\/p02.jpg\" class=\"vc_single_image-img attachment-full\" alt=\"\" title=\"p02\" srcset=\"https:\/\/dextrafinanciera.com\/wp-content\/uploads\/2018\/08\/p02.jpg 600w, https:\/\/dextrafinanciera.com\/wp-content\/uploads\/2018\/08\/p02-300x201.jpg 300w\" sizes=\"auto, (max-width: 600px) 100vw, 600px\" \/><\/div>\n\t\t<\/div>\n\t<\/div>\n<div class=\"separator  transparent\" style=\"margin-top:37px;margin-bottom:0px\"><\/div>\n\n\t<div class=\"wpb_text_column wpb_content_element\">\n\t\t<div class=\"wpb_wrapper\">\n\t\t\t<h5><strong>APPLICATION<\/strong><\/h5>\n\n\t\t<\/div> \n\t<\/div> <div class=\"separator  transparent\" style=\"margin-top:20px;margin-bottom:0px\"><\/div>\n\n\t<div class=\"wpb_text_column wpb_content_element\">\n\t\t<div class=\"wpb_wrapper\">\n\t\t\t<p class=\"p1\" style=\"text-align: justify;\"><span class=\"s1\">To ensure a fast and efficient process, Dextra offers three ways to submit your initial application: In-person with one of our advisors, Online through our website (and soon through our app) and By downloading the forms and sending them via email.\u00a0<\/span><\/p>\n\n\t\t<\/div> \n\t<\/div> <div class=\"separator  transparent\" style=\"margin-top:50px;margin-bottom:0px\"><\/div>\n<a href=\"https:\/\/dextrafinanciera.com\/wp-content\/uploads\/solicitud.zip\" target=\"_self\"  class=\"qbutton  fill_from_bottom icon_right\" style=\"background-color: #224c5b;\"><span class=\"text_wrap\" data-text=\"Descarga la solicitud aqu\u00ed\"  style=\"\">Download the application<\/span><span class=\"a_overlay\" style=\"\"><\/span><\/a><div class=\"separator  transparent\" style=\"margin-top:50px;margin-bottom:0px\"><\/div>\n<\/div><\/div><\/div><div class=\"wpb_column vc_column_container vc_col-sm-12 vc_col-lg-4 vc_col-md-4\"><div class=\"vc_column-inner\"><div class=\"wpb_wrapper\">\n\t<div class=\"wpb_single_image wpb_content_element vc_align_center\">\n\t\t<div class=\"wpb_wrapper   numbered_image\">\n\t\t\t\n\t\t\t<div class=\"vc_single_image-wrapper   vc_box_border_grey\"><div class=\"image_number_holder\"><span>03<\/span><\/div><img loading=\"lazy\" decoding=\"async\" width=\"600\" height=\"401\" src=\"https:\/\/dextrafinanciera.com\/wp-content\/uploads\/2018\/08\/p03.jpg\" class=\"vc_single_image-img attachment-full\" alt=\"\" title=\"p03\" srcset=\"https:\/\/dextrafinanciera.com\/wp-content\/uploads\/2018\/08\/p03.jpg 600w, https:\/\/dextrafinanciera.com\/wp-content\/uploads\/2018\/08\/p03-300x201.jpg 300w\" sizes=\"auto, (max-width: 600px) 100vw, 600px\" \/><\/div>\n\t\t<\/div>\n\t<\/div>\n<div class=\"separator  transparent\" style=\"margin-top:37px;margin-bottom:0px\"><\/div>\n\n\t<div class=\"wpb_text_column wpb_content_element\">\n\t\t<div class=\"wpb_wrapper\">\n\t\t\t<h5><strong>FILE INTEGRATION<\/strong><\/h5>\n\n\t\t<\/div> \n\t<\/div> <div class=\"separator  transparent\" style=\"margin-top:20px;margin-bottom:0px\"><\/div>\n\n\t<div class=\"wpb_text_column wpb_content_element\">\n\t\t<div class=\"wpb_wrapper\">\n\t\t\t<p style=\"text-align: justify;\"><span class=\"s1\">Once you submit your application, a Dextra executive will send you a list of required documents to assess the feasibility of your financing\u00a0<\/span><\/p>\n\n\t\t<\/div> \n\t<\/div> <div class=\"separator  transparent\" style=\"margin-top:50px;margin-bottom:0px\"><\/div>\n<a href=\"https:\/\/dextrafinanciera.com\/wp-content\/uploads\/checklist.zip\" target=\"_self\"  class=\"qbutton  fill_from_bottom icon_right\" style=\"background-color: #224c5b;\"><span class=\"text_wrap\" data-text=\"Descarga la solicitud aqu\u00ed\"  style=\"\">Download the application<\/span><span class=\"a_overlay\" style=\"\"><\/span><\/a><div class=\"separator  transparent\" style=\"margin-top:50px;margin-bottom:0px\"><\/div>\n<\/div><\/div><\/div><\/div><\/div><\/div><div      class=\"vc_row wpb_row section grid_section\" style=' padding-bottom:61px; text-align:left;'><div class=\"section_inner clearfix\"><div class='section_inner_margin clearfix'><div class=\"wpb_column vc_column_container vc_col-sm-12 vc_col-lg-4 vc_col-md-4\"><div class=\"vc_column-inner\"><div class=\"wpb_wrapper\">\n\t<div class=\"wpb_single_image wpb_content_element vc_align_center\">\n\t\t<div class=\"wpb_wrapper   numbered_image\">\n\t\t\t\n\t\t\t<div class=\"vc_single_image-wrapper   vc_box_border_grey\"><div class=\"image_number_holder\"><span>04<\/span><\/div><img loading=\"lazy\" decoding=\"async\" width=\"600\" height=\"401\" src=\"https:\/\/dextrafinanciera.com\/wp-content\/uploads\/2018\/08\/p04.jpg\" class=\"vc_single_image-img attachment-full\" alt=\"\" title=\"p04\" srcset=\"https:\/\/dextrafinanciera.com\/wp-content\/uploads\/2018\/08\/p04.jpg 600w, https:\/\/dextrafinanciera.com\/wp-content\/uploads\/2018\/08\/p04-300x201.jpg 300w\" sizes=\"auto, (max-width: 600px) 100vw, 600px\" \/><\/div>\n\t\t<\/div>\n\t<\/div>\n<div class=\"separator  transparent\" style=\"margin-top:37px;margin-bottom:0px\"><\/div>\n\n\t<div class=\"wpb_text_column wpb_content_element\">\n\t\t<div class=\"wpb_wrapper\">\n\t\t\t<h5><strong>INTERVIEW<\/strong><\/h5>\n\n\t\t<\/div> \n\t<\/div> <div class=\"separator  transparent\" style=\"margin-top:20px;margin-bottom:0px\"><\/div>\n\n\t<div class=\"wpb_text_column wpb_content_element\">\n\t\t<div class=\"wpb_wrapper\">\n\t\t\t<p class=\"p1\" style=\"text-align: justify;\"><span class=\"s1\">At this stage, we meet with first-time clients or those requesting specialized financial products to fine-tune details and validate alternatives for their request.\u00a0<\/span><\/p>\n\n\t\t<\/div> \n\t<\/div> <div class=\"separator  transparent\" style=\"margin-top:65px;margin-bottom:0px\"><\/div>\n<\/div><\/div><\/div><div class=\"wpb_column vc_column_container vc_col-sm-12 vc_col-lg-4 vc_col-md-4\"><div class=\"vc_column-inner\"><div class=\"wpb_wrapper\">\n\t<div class=\"wpb_single_image wpb_content_element vc_align_center\">\n\t\t<div class=\"wpb_wrapper   numbered_image\">\n\t\t\t\n\t\t\t<div class=\"vc_single_image-wrapper   vc_box_border_grey\"><div class=\"image_number_holder\"><span>05<\/span><\/div><img loading=\"lazy\" decoding=\"async\" width=\"600\" height=\"401\" src=\"https:\/\/dextrafinanciera.com\/wp-content\/uploads\/2018\/08\/p05.jpg\" class=\"vc_single_image-img attachment-full\" alt=\"\" title=\"p05\" srcset=\"https:\/\/dextrafinanciera.com\/wp-content\/uploads\/2018\/08\/p05.jpg 600w, https:\/\/dextrafinanciera.com\/wp-content\/uploads\/2018\/08\/p05-300x201.jpg 300w\" sizes=\"auto, (max-width: 600px) 100vw, 600px\" \/><\/div>\n\t\t<\/div>\n\t<\/div>\n<div class=\"separator  transparent\" style=\"margin-top:37px;margin-bottom:0px\"><\/div>\n\n\t<div class=\"wpb_text_column wpb_content_element\">\n\t\t<div class=\"wpb_wrapper\">\n\t\t\t<h5><strong>COMMITTEE RESOLUTION<\/strong><\/h5>\n\n\t\t<\/div> \n\t<\/div> <div class=\"separator  transparent\" style=\"margin-top:20px;margin-bottom:0px\"><\/div>\n\n\t<div class=\"wpb_text_column wpb_content_element\">\n\t\t<div class=\"wpb_wrapper\">\n\t\t\t<p class=\"p1\" style=\"text-align: justify;\"><span class=\"s1\">Our experts evaluate the viability of the request, considering all previously analyzed factors to make an informed decision about the application.\u00a0<\/span><\/p>\n\n\t\t<\/div> \n\t<\/div> <div class=\"separator  transparent\" style=\"margin-top:65px;margin-bottom:0px\"><\/div>\n<\/div><\/div><\/div><div class=\"wpb_column vc_column_container vc_col-sm-12 vc_col-lg-4 vc_col-md-4\"><div class=\"vc_column-inner\"><div class=\"wpb_wrapper\">\n\t<div class=\"wpb_single_image wpb_content_element vc_align_center\">\n\t\t<div class=\"wpb_wrapper   numbered_image\">\n\t\t\t\n\t\t\t<div class=\"vc_single_image-wrapper   vc_box_border_grey\"><div class=\"image_number_holder\"><span>06<\/span><\/div><img loading=\"lazy\" decoding=\"async\" width=\"600\" height=\"401\" src=\"https:\/\/dextrafinanciera.com\/wp-content\/uploads\/2018\/08\/p06.jpg\" class=\"vc_single_image-img attachment-full\" alt=\"\" title=\"p06\" srcset=\"https:\/\/dextrafinanciera.com\/wp-content\/uploads\/2018\/08\/p06.jpg 600w, https:\/\/dextrafinanciera.com\/wp-content\/uploads\/2018\/08\/p06-300x201.jpg 300w\" sizes=\"auto, (max-width: 600px) 100vw, 600px\" \/><\/div>\n\t\t<\/div>\n\t<\/div>\n<div class=\"separator  transparent\" style=\"margin-top:37px;margin-bottom:0px\"><\/div>\n\n\t<div class=\"wpb_text_column wpb_content_element\">\n\t\t<div class=\"wpb_wrapper\">\n\t\t\t<h5><strong>TERMS AND CONDITIONS NOTIFICATION<\/strong><\/h5>\n\n\t\t<\/div> \n\t<\/div> <div class=\"separator  transparent\" style=\"margin-top:20px;margin-bottom:0px\"><\/div>\n\n\t<div class=\"wpb_text_column wpb_content_element\">\n\t\t<div class=\"wpb_wrapper\">\n\t\t\t<p class=\"p1\" style=\"text-align: justify;\"><span class=\"s1\">Once the credit is approved and the agreement is confirmed with the client, funds will be available almost immediately.\u00a0<\/span><\/p>\n\n\t\t<\/div> \n\t<\/div> <div class=\"separator  transparent\" style=\"margin-top:65px;margin-bottom:0px\"><\/div>\n<\/div><\/div><\/div><\/div><\/div><\/div><div      class=\"vc_row wpb_row section\" style=' padding-top:79px; text-align:center;'><div class=\"full_section_inner clearfix\"><div class=\"wpb_column vc_column_container vc_col-sm-12\"><div class=\"vc_column-inner\"><div class=\"wpb_wrapper\">\n\t<div class=\"wpb_text_column wpb_content_element\">\n\t\t<div class=\"wpb_wrapper\">\n\t\t\t<h3 style=\"text-align: center;\">DOCUMENT SUBMISSION<\/h3>\n\n\t\t<\/div> \n\t<\/div> <div class=\"separator  small center\" style=\"border-color: #cbcfd3;border-bottom-width:2px;width:58px;margin-top:33px;margin-bottom:42px\"><\/div>\n<\/div><\/div><\/div><\/div><\/div><div      class=\"vc_row wpb_row section\" style=' padding-top:25px; padding-bottom:100px; text-align:left;'><div class=\"full_section_inner clearfix\"><div class=\"wpb_column vc_column_container vc_col-sm-2\"><div class=\"vc_column-inner\"><div class=\"wpb_wrapper\"><\/div><\/div><\/div><div class=\"wpb_column vc_column_container vc_col-sm-8\"><div class=\"vc_column-inner\"><div class=\"wpb_wrapper\">\n\t<div class=\"wpb_text_column wpb_content_element\">\n\t\t<div class=\"wpb_wrapper\">\n\t\t\t<h5><strong>Please attach the required documents to proceed with the process.<\/strong><\/h5>\n\n\t\t<\/div> \n\t<\/div> <div class=\"separator  transparent\" style=\"margin-top:20px;margin-bottom:0px\"><\/div>\n\n<div class=\"wpcf7 no-js\" id=\"wpcf7-f2717-o1\" lang=\"es-MX\" dir=\"ltr\" data-wpcf7-id=\"2717\">\n<div class=\"screen-reader-response\"><p role=\"status\" aria-live=\"polite\" aria-atomic=\"true\"><\/p> <ul><\/ul><\/div>\n<form action=\"\/en\/wp-json\/wp\/v2\/pages\/1549#wpcf7-f2717-o1\" method=\"post\" class=\"wpcf7-form init default\" aria-label=\"Formulario de contacto\" enctype=\"multipart\/form-data\" novalidate=\"novalidate\" data-status=\"init\" data-trp-original-action=\"\/en\/wp-json\/wp\/v2\/pages\/1549#wpcf7-f2717-o1\">\n<fieldset class=\"hidden-fields-container\"><input type=\"hidden\" name=\"_wpcf7\" value=\"2717\" \/><input type=\"hidden\" name=\"_wpcf7_version\" value=\"6.1.4\" \/><input type=\"hidden\" name=\"_wpcf7_locale\" value=\"es_MX\" \/><input type=\"hidden\" name=\"_wpcf7_unit_tag\" value=\"wpcf7-f2717-o1\" \/><input type=\"hidden\" name=\"_wpcf7_container_post\" value=\"0\" \/><input type=\"hidden\" name=\"_wpcf7_posted_data_hash\" value=\"\" \/>\n<\/fieldset>\n<div class=\"text00 column_right column_50\">\n\t<p>Credit Bureau Authorization:<br \/>\n<span class=\"wpcf7-form-control-wrap\" data-name=\"AutorizacindeBurodeCrdito\"><input size=\"40\" class=\"wpcf7-form-control wpcf7-file wpcf7-validates-as-required\" accept=\"audio\/*,video\/*,image\/*\" aria-required=\"true\" aria-invalid=\"false\" type=\"file\" name=\"AutorizacindeBurodeCrdito\" \/><\/span>\n\t<\/p>\n<\/div>\n<div class=\"text00 column_right column_50\">\n\t<p>Privacy Notice:<br \/>\n<span class=\"wpcf7-form-control-wrap\" data-name=\"avisodeprivacidad\"><input size=\"40\" class=\"wpcf7-form-control wpcf7-file wpcf7-validates-as-required\" accept=\"audio\/*,video\/*,image\/*\" aria-required=\"true\" aria-invalid=\"false\" type=\"file\" name=\"avisodeprivacidad\" \/><\/span>\n\t<\/p>\n<\/div>\n<div class=\"text00 column_right column_50\">\n\t<p>Credit Application:<br \/>\n<span class=\"wpcf7-form-control-wrap\" data-name=\"solicitud\"><input size=\"40\" class=\"wpcf7-form-control wpcf7-file wpcf7-validates-as-required\" accept=\"audio\/*,video\/*,image\/*\" aria-required=\"true\" aria-invalid=\"false\" type=\"file\" name=\"solicitud\" \/><\/span>\n\t<\/p>\n<\/div>\n<div class=\"two_columns_form_with_space\">\n\t<div class=\"column_left column_50\">\n\t\t<div class=\"column_inner\">\n\t\t\t<p><span class=\"wpcf7-form-control-wrap\" data-name=\"your-name\"><input size=\"40\" maxlength=\"400\" class=\"wpcf7-form-control wpcf7-text wpcf7-validates-as-required\" aria-required=\"true\" aria-invalid=\"false\" placeholder=\"Name:*\" value=\"\" type=\"text\" name=\"your-name\" \/><\/span>\n\t\t\t<\/p>\n\t\t<\/div>\n\t<\/div>\n\t<div class=\"column_right column_50\">\n\t\t<div class=\"column_inner\">\n\t\t\t<p><span class=\"wpcf7-form-control-wrap\" data-name=\"last-name\"><input size=\"40\" maxlength=\"400\" class=\"wpcf7-form-control wpcf7-text wpcf7-validates-as-required\" aria-required=\"true\" aria-invalid=\"false\" placeholder=\"Last Name:*\" value=\"\" type=\"text\" name=\"last-name\" \/><\/span>\n\t\t\t<\/p>\n\t\t<\/div>\n\t<\/div>\n<\/div>\n<div class=\"two_columns_form_with_space\">\n\t<div class=\"column_left column_50\">\n\t\t<div class=\"column_inner\">\n\t\t\t<p><span class=\"wpcf7-form-control-wrap\" data-name=\"your-email\"><input size=\"40\" maxlength=\"400\" class=\"wpcf7-form-control wpcf7-email wpcf7-validates-as-required wpcf7-text wpcf7-validates-as-email\" aria-required=\"true\" aria-invalid=\"false\" placeholder=\"Email:*\" value=\"\" type=\"email\" name=\"your-email\" \/><\/span>\n\t\t\t<\/p>\n\t\t<\/div>\n\t<\/div>\n\t<div class=\"column_right column_50\">\n\t\t<div class=\"column_inner\">\n\t\t\t<p><span class=\"wpcf7-form-control-wrap\" data-name=\"your-subject\"><input size=\"40\" maxlength=\"400\" class=\"wpcf7-form-control wpcf7-text\" aria-invalid=\"false\" placeholder=\"Subject:\" value=\"\" type=\"text\" name=\"your-subject\" \/><\/span>\n\t\t\t<\/p>\n\t\t<\/div>\n\t<\/div>\n<\/div>\n<p><span class=\"wpcf7-form-control-wrap\" data-name=\"your-message\"><textarea cols=\"40\" rows=\"10\" maxlength=\"2000\" class=\"wpcf7-form-control wpcf7-textarea wpcf7-validates-as-required\" aria-required=\"true\" aria-invalid=\"false\" placeholder=\"Message:*\" name=\"your-message\"><\/textarea><\/span>\n<\/p>\n<p><input class=\"wpcf7-form-control wpcf7-submit has-spinner\" type=\"submit\" value=\"Send\" \/>\n<\/p>\n<div class=\"wpcf7-response-output\" aria-hidden=\"true\"><\/div>\n<input type=\"hidden\" name=\"trp-form-language\" value=\"en\"\/><\/form>\n<\/div>\n<\/div><\/div><\/div><div class=\"wpb_column vc_column_container vc_col-sm-2\"><div class=\"vc_column-inner\"><div class=\"wpb_wrapper\"><\/div><\/div><\/div><\/div><\/div>\n<\/div>","protected":false},"excerpt":{"rendered":"PASOS PARA CONTRATAR LOS SERVICIOS DE DEXTRA. 01 IDENTIFICAR TU SOLUCI\u00d3N En Dextra, sabemos que cada cliente es \u00fanico. Por eso identificamos tus necesidades espec\u00edficas para ofrecer alternativas a la medida con los productos financieros ideales para ti.\u00a0 Cont\u00e1ctanos 02 SOLICITUD Buscando la agilidad en...","protected":false},"author":1,"featured_media":0,"parent":0,"menu_order":0,"comment_status":"open","ping_status":"open","template":"full_width.php","meta":{"footnotes":""},"class_list":["post-1549","page","type-page","status-publish","hentry"],"_links":{"self":[{"href":"https:\/\/dextrafinanciera.com\/en\/wp-json\/wp\/v2\/pages\/1549","targetHints":{"allow":["GET"]}}],"collection":[{"href":"https:\/\/dextrafinanciera.com\/en\/wp-json\/wp\/v2\/pages"}],"about":[{"href":"https:\/\/dextrafinanciera.com\/en\/wp-json\/wp\/v2\/types\/page"}],"author":[{"embeddable":true,"href":"https:\/\/dextrafinanciera.com\/en\/wp-json\/wp\/v2\/users\/1"}],"replies":[{"embeddable":true,"href":"https:\/\/dextrafinanciera.com\/en\/wp-json\/wp\/v2\/comments?post=1549"}],"version-history":[{"count":19,"href":"https:\/\/dextrafinanciera.com\/en\/wp-json\/wp\/v2\/pages\/1549\/revisions"}],"predecessor-version":[{"id":2721,"href":"https:\/\/dextrafinanciera.com\/en\/wp-json\/wp\/v2\/pages\/1549\/revisions\/2721"}],"wp:attachment":[{"href":"https:\/\/dextrafinanciera.com\/en\/wp-json\/wp\/v2\/media?parent=1549"}],"curies":[{"name":"wp","href":"https:\/\/api.w.org\/{rel}","templated":true}]}}