{"id":2403,"date":"2018-07-18T08:42:37","date_gmt":"2018-07-18T14:42:37","guid":{"rendered":"http:\/\/dextrafinanciera.com\/?page_id=2403"},"modified":"2025-05-05T14:46:34","modified_gmt":"2025-05-05T20:46:34","slug":"servicios","status":"publish","type":"page","link":"https:\/\/dextrafinanciera.com\/en\/servicios\/","title":{"rendered":"Services"},"content":{"rendered":"<div class=\"wpb-content-wrapper\"><div      class=\"vc_row wpb_row section\" style=' text-align:left;'><div class=\"full_section_inner clearfix\"><div class=\"wpb_column vc_column_container vc_col-sm-12\"><div class=\"vc_column-inner\"><div class=\"wpb_wrapper\">\n\t<div class=\"wpb_raw_code wpb_raw_html wpb_content_element\" >\n\t\t<div class=\"wpb_wrapper\">\n\t\t\t<!-- TradingView Widget BEGIN -->\n<div class=\"tradingview-widget-container\">\n  <div class=\"tradingview-widget-container__widget\"><\/div>\n  <script type=\"text\/javascript\" src=\"https:\/\/s3.tradingview.com\/external-embedding\/embed-widget-tickers.js\" async>\n  {\n  \"symbols\": [\n    {\n      \"title\": \"Nasdaq 100\",\n      \"proName\": \"INDEX:IUXX\"\n    },\n    {\n      \"title\": \"EUR\/USD\",\n      \"proName\": \"FX_IDC:EURUSD\"\n    },\n    {\n      \"description\": \"DOW JONES\",\n      \"proName\": \"FX:USDOLLAR\"\n    },\n    {\n      \"description\": \"EUR\/MXP\",\n      \"proName\": \"FOREXCOM:EURMXN\"\n    },\n    {\n      \"description\": \"USD\/MXP\",\n      \"proName\": \"FX_IDC:USDMXN\"\n    },\n    {\n      \"description\": \"EUR\/USA\",\n      \"proName\": \"FX:EURUSD\"\n    }\n  ],\n  \"locale\": \"en\"\n}\n  <\/script>\n<\/div>\n<!-- TradingView Widget END -->\n\t\t<\/div>\n\t<\/div>\n<\/div><\/div><\/div><\/div><\/div><div      class=\"vc_row wpb_row section\" style='background-color:#f6f6f6; padding-top:100px; text-align:left;'><div class=\"full_section_inner clearfix\"><div class=\"wpb_column vc_column_container vc_col-sm-2\"><div class=\"vc_column-inner\"><div class=\"wpb_wrapper\"><\/div><\/div><\/div><div class=\"wpb_animate_when_almost_visible wpb_fadeIn fadeIn wpb_column vc_column_container vc_col-sm-8\"><div class=\"vc_column-inner\"><div class=\"wpb_wrapper\">\n\t<div class=\"wpb_text_column wpb_content_element  vc_custom_1536354920475\">\n\t\t<div class=\"wpb_wrapper\">\n\t\t\t<h3 style=\"text-align: center;\">WE OFFER A WIDE RANGE OF SERVICES IN THE\u00a0<strong style=\"color: #0498b9;\">FINANCIAL, LEGAL, WEALTH MANAGEMENT, AND BUSINESS SECTORS<\/strong>.<\/h3>\n\n\t\t<\/div> \n\t<\/div> <\/div><\/div><\/div><div class=\"wpb_column vc_column_container vc_col-sm-2\"><div class=\"vc_column-inner\"><div class=\"wpb_wrapper\"><\/div><\/div><\/div><\/div><\/div><div      class=\"vc_row wpb_row section\" style='background-color:#f6f6f6; padding-top:90px; padding-bottom:90px; text-align:left;'><div class=\"full_section_inner clearfix\" style='padding-left: 5%;padding-right: 5%'><div class=\"wpb_animate_when_almost_visible wpb_bounceInUp bounceInUp wpb_column vc_column_container vc_col-sm-12\"><div class=\"vc_column-inner vc_custom_1533595273910\"><div class=\"wpb_wrapper\"><div class='mkd_elements_holder four_columns responsive_mode_from_768 elements_items_float' ><div class='mkd_elements_item vertical_alignment_middle horizontal_align_left flip_in' data-animation='no' style='transition-delay:1ms;-webkit-transition-delay:1ms;'><div class='mkd_elements_item_inner'><div class='mkd_elements_item_content mkd_elements_inner_1605094135' style='text-align:left;padding:0px 45px 0px 45px;'><div class=\"separator  transparent\" style=\"margin-top:32px;margin-bottom:0px\"><\/div>\n<div class='mkd_icon_with_title medium normal_icon  icon_border_outline left clearfix animation_zoom' ><div class=\"icon_holder  custom_icon_holder has_hover_icon\" style=\" \"><div class=\"icon_holder_inner\"><div class=\"custom_icon\"><img class=\"custom_icon_original\" src=\"https:\/\/dextrafinanciera.com\/wp-content\/uploads\/2018\/07\/serv01.png\" alt=\"\"><img class=\"custom_icon_hover\" src=\"https:\/\/dextrafinanciera.com\/wp-content\/uploads\/2018\/07\/serv01-2.png\" alt=\"\"><\/div><\/div><\/div><div class=\"icon_text_holder\" style=\"\"><div class=\"icon_title_inner_holder\"><h4 class=\"icon_title custom_icon_holder has_hover_icon\" style=\"\"><\/h4><\/div><div class=\"icon_text_inner\"><p style=''><\/p><\/div><\/div><\/div>\n\t<div class=\"wpb_text_column wpb_content_element\">\n\t\t<div class=\"wpb_wrapper\">\n\t\t\t<h5><strong>FINANCING<\/strong><\/h5>\n\n\t\t<\/div> \n\t<\/div> \n\t<div class=\"wpb_text_column wpb_content_element\">\n\t\t<div class=\"wpb_wrapper\">\n\t\t\t<p style=\"text-align: left;\">Simple Credit or Credit Line, Personal or Corporate, Under Various Guarantee Schemes from $50,000 to $5,000,000 Pesos\u2014Always Aiming for the Growth of Your Business or Enterprise.<\/p>\n\n\t\t<\/div> \n\t<\/div> <\/div><\/div><\/div><div class='mkd_elements_item vertical_alignment_middle horizontal_align_left flip_in' data-animation='no' style='transition-delay:2ms;-webkit-transition-delay:2ms;'><div class='mkd_elements_item_inner'><div class='mkd_elements_item_content mkd_elements_inner_1533022010' style='text-align:left;padding:0px 45px 0px 45px;'><div class=\"separator  transparent\" style=\"margin-top:32px;margin-bottom:0px\"><\/div>\n<div class='mkd_icon_with_title medium normal_icon  icon_border_outline left clearfix animation_zoom' ><div class=\"icon_holder  custom_icon_holder has_hover_icon\" style=\" \"><div class=\"icon_holder_inner\"><div class=\"custom_icon\"><img class=\"custom_icon_original\" src=\"https:\/\/dextrafinanciera.com\/wp-content\/uploads\/2018\/07\/serv02.png\" alt=\"\"><img class=\"custom_icon_hover\" src=\"https:\/\/dextrafinanciera.com\/wp-content\/uploads\/2018\/07\/serv02-2.png\" alt=\"\"><\/div><\/div><\/div><div class=\"icon_text_holder\" style=\"\"><div class=\"icon_title_inner_holder\"><h4 class=\"icon_title custom_icon_holder has_hover_icon\" style=\"\"><\/h4><\/div><div class=\"icon_text_inner\"><p style=''><\/p><\/div><\/div><\/div>\n\t<div class=\"wpb_text_column wpb_content_element\">\n\t\t<div class=\"wpb_wrapper\">\n\t\t\t<h5 style=\"text-align: left;\"><strong>PURE AND FINANCIAL LEASING<\/strong><\/h5>\n\n\t\t<\/div> \n\t<\/div> \n\t<div class=\"wpb_text_column wpb_content_element\">\n\t\t<div class=\"wpb_wrapper\">\n\t\t\t<p>At Dextra, we are committed to helping our clients achieve maximum growth. That\u2019s why we offer leasing services designed to reduce your tax burden, whether through pure or financial leasing. We tailor our products and services to fit your specific terms, amounts, and leased assets, ensuring the best financial solutions for your needs.<\/p>\n\n\t\t<\/div> \n\t<\/div> <\/div><\/div><\/div><div class='mkd_elements_item vertical_alignment_middle horizontal_align_left flip_in' data-animation='no' style='transition-delay:3ms;-webkit-transition-delay:3ms;'><div class='mkd_elements_item_inner'><div class='mkd_elements_item_content mkd_elements_inner_2052678866' style='text-align:left;padding:0px 45px 0px 45px;'><div class=\"separator  transparent\" style=\"margin-top:32px;margin-bottom:0px\"><\/div>\n<div class='mkd_icon_with_title medium normal_icon  icon_border_outline left clearfix animation_zoom' ><div class=\"icon_holder  custom_icon_holder has_hover_icon\" style=\" \"><div class=\"icon_holder_inner\"><div class=\"custom_icon\"><img class=\"custom_icon_original\" src=\"https:\/\/dextrafinanciera.com\/wp-content\/uploads\/2018\/07\/serv03.png\" alt=\"\"><img class=\"custom_icon_hover\" src=\"https:\/\/dextrafinanciera.com\/wp-content\/uploads\/2018\/07\/serv03-2.png\" alt=\"\"><\/div><\/div><\/div><div class=\"icon_text_holder\" style=\"\"><div class=\"icon_title_inner_holder\"><h4 class=\"icon_title custom_icon_holder has_hover_icon\" style=\"\"><\/h4><\/div><div class=\"icon_text_inner\"><p style=''><\/p><\/div><\/div><\/div>\n\t<div class=\"wpb_text_column wpb_content_element\">\n\t\t<div class=\"wpb_wrapper\">\n\t\t\t<h5 style=\"text-align: left;\"><strong>TRUST AGREEMENT<\/strong><\/h5>\n\n\t\t<\/div> \n\t<\/div> \n\t<div class=\"wpb_text_column wpb_content_element\">\n\t\t<div class=\"wpb_wrapper\">\n\t\t\t<p>We are authorized to act as trustees in guarantee trust agreements, backed by the expertise of the most qualified fiduciary departments in the country. This allows us to provide secure and reliable trust services to our clients.<\/p>\n\n\t\t<\/div> \n\t<\/div> <\/div><\/div><\/div><div class='mkd_elements_item vertical_alignment_middle horizontal_align_left flip_in' data-animation='no' style='transition-delay:4ms;-webkit-transition-delay:4ms;'><div class='mkd_elements_item_inner'><div class='mkd_elements_item_content mkd_elements_inner_706091625' style='text-align:left;padding:0px 45px 0px 45px;'><div class=\"separator  transparent\" style=\"margin-top:32px;margin-bottom:0px\"><\/div>\n<div class='mkd_icon_with_title medium normal_icon  icon_border_outline left clearfix animation_zoom' ><div class=\"icon_holder  custom_icon_holder has_hover_icon\" style=\" \"><div class=\"icon_holder_inner\"><div class=\"custom_icon\"><img class=\"custom_icon_original\" src=\"https:\/\/dextrafinanciera.com\/wp-content\/uploads\/2018\/07\/serv04.png\" alt=\"\"><img class=\"custom_icon_hover\" src=\"https:\/\/dextrafinanciera.com\/wp-content\/uploads\/2018\/07\/serv04-2.png\" alt=\"\"><\/div><\/div><\/div><div class=\"icon_text_holder\" style=\"\"><div class=\"icon_title_inner_holder\"><h4 class=\"icon_title custom_icon_holder has_hover_icon\" style=\"\"><\/h4><\/div><div class=\"icon_text_inner\"><p style=''><\/p><\/div><\/div><\/div>\n\t<div class=\"wpb_text_column wpb_content_element\">\n\t\t<div class=\"wpb_wrapper\">\n\t\t\t<h5><strong>FINANCIAL FACTORING<\/strong><\/h5>\n\n\t\t<\/div> \n\t<\/div> \n\t<div class=\"wpb_text_column wpb_content_element\">\n\t\t<div class=\"wpb_wrapper\">\n\t\t\t<p>We offer financial factoring solutions to enhance your business\u2019s liquidity and cash flow. By converting your accounts receivable into immediate capital, we help you maintain financial stability and seize new opportunities without disrupting your operations.<\/p>\n\n\t\t<\/div> \n\t<\/div> <\/div><\/div><\/div><\/div><\/div><\/div><\/div><\/div><\/div><div      class=\"vc_row wpb_row section\" style=' padding-top:0px; padding-bottom:0px; text-align:left;'><div class=\"full_section_inner clearfix\"><div class=\"wpb_animate_when_almost_visible wpb_slideInLeft slideInLeft wpb_column vc_column_container vc_col-sm-12\"><div class=\"vc_column-inner\"><div class=\"wpb_wrapper\"><div class='mkd_elements_holder two_columns responsive_mode_from_768' ><div class='mkd_elements_item vertical_alignment_middle horizontal_align_left' data-animation='no' style='background-image: url(https:\/\/dextrafinanciera.com\/wp-content\/uploads\/2018\/07\/servbg.png);'><div class='mkd_elements_item_inner'><div class='mkd_elements_item_content mkd_elements_inner_1631166622' style='text-align:left;'><style type=\"text\/css\" data-type=\"mkd_elements-custom-padding\" scoped>@media only screen and (max-width: 480px) {.mkd_elements_holder .mkd_elements_item_content.mkd_elements_inner_1631166622{padding:10% 0% 0% 0%!important}}<\/style>\n\t<div class=\"wpb_single_image wpb_content_element vc_align_center  element_from_right\">\n\t\t<div class=\"wpb_wrapper\">\n\t\t\t\n\t\t\t<div class=\"vc_single_image-wrapper   vc_box_border_grey\"><img loading=\"lazy\" decoding=\"async\" width=\"577\" height=\"627\" src=\"https:\/\/dextrafinanciera.com\/wp-content\/uploads\/2018\/07\/servicios01.png\" class=\"vc_single_image-img attachment-full\" alt=\"\" title=\"servicios01\" srcset=\"https:\/\/dextrafinanciera.com\/wp-content\/uploads\/2018\/07\/servicios01.png 577w, https:\/\/dextrafinanciera.com\/wp-content\/uploads\/2018\/07\/servicios01-276x300.png 276w\" sizes=\"auto, (max-width: 577px) 100vw, 577px\" \/><\/div>\n\t\t<\/div>\n\t<\/div>\n<\/div><\/div><\/div><div class='mkd_elements_item vertical_alignment_middle horizontal_align_left fade_in' data-animation='no'><div class='mkd_elements_item_inner'><div class='mkd_elements_item_content mkd_elements_inner_585763820' style='text-align:left;padding:10px 55px 50px 55px;'><span data-line-width=\"1000px\"  class=\"vc_text_separator wpb_content_element full default center\"><span class=\"separator_wrapper\" style=\"margin-top:25px;margin-bottom:50px\"><span class=\"mkd_line_before\"  style=\"border-style:solid;\"><\/span><span class=\"separator_content\" style=\"color:#264c59\"><span>Can We Assist You with Anything Else?<\/span><\/span><span class=\"mkd_line_after\" style=\"border-style:solid;\"><\/span><\/span><\/span>\n<div class='mkd_icon_with_title large normal_icon  icon_border_outline left clearfix animation_zoom' ><div class=\"icon_holder\" style=\" \"><div class=\"icon_holder_inner\"><span class=\"mkd_icon_stack mkd_large_icon\" style=\"font-size: 25px;\"><i class=\"mkd_icon_ion_icon ion-android-document icon_text_icon mkd_icon_stack_1x\" style=\"font-size: 25px;\" ><\/i><\/span><\/div><\/div><div class=\"icon_text_holder\" style=\"\"><div class=\"icon_title_inner_holder\"><h4 class=\"icon_title\" style=\"color: #264c59;font-size: 22px;\">Wealth, Financial, and Legal Advisory<\/h4><div class = \"separator_holder\"><span class=\"separator\" style=\"background-color:#cfde00;height:2px;float:left;\"><\/span><\/div><\/div><div class=\"icon_text_inner\"><p style=''>We provide you with the expertise of our team of specialists in wealth, financial, and legal matters\u2014not only to solve the challenges you face, but also to ensure you have the best information for making informed decisions.<\/p><\/div><\/div><\/div><div class='mkd_icon_with_title large normal_icon  icon_border_outline left clearfix animation_zoom' ><div class=\"icon_holder\" style=\" \"><div class=\"icon_holder_inner\"><span class=\"mkd_icon_stack mkd_large_icon\" style=\"font-size: 25px;\"><i class=\"mkd_icon_ion_icon ion-android-people icon_text_icon mkd_icon_stack_1x\" style=\"font-size: 25px;\" ><\/i><\/span><\/div><\/div><div class=\"icon_text_holder\" style=\"\"><div class=\"icon_title_inner_holder\"><h4 class=\"icon_title\" style=\"color: #264c59;font-size: 22px;\">Microcredits<\/h4><div class = \"separator_holder\"><span class=\"separator\" style=\"background-color:#cfde00;height:2px;float:left;\"><\/span><\/div><\/div><div class=\"icon_text_inner\"><p style=''>Through our Dextra Express application, we can provide you with small, immediate loans, allowing you to make payments and access funds exactly when you need them. <\/p><\/div><\/div><\/div><div class='mkd_icon_with_title large normal_icon  icon_border_outline left clearfix animation_zoom' ><div class=\"icon_holder\" style=\" \"><div class=\"icon_holder_inner\"><span class=\"mkd_icon_stack mkd_large_icon\" style=\"font-size: 25px;\"><i class=\"mkd_icon_ion_icon ion-briefcase icon_text_icon mkd_icon_stack_1x\" style=\"font-size: 25px;\" ><\/i><\/span><\/div><\/div><div class=\"icon_text_holder\" style=\"\"><div class=\"icon_title_inner_holder\"><h4 class=\"icon_title\" style=\"color: #264c59;font-size: 22px;\">Funding<\/h4><div class = \"separator_holder\"><span class=\"separator\" style=\"background-color:#cfde00;height:2px;float:left;\"><\/span><\/div><\/div><div class=\"icon_text_inner\"><p style=''>Through our business network, we support productive projects, becoming the partner you need to bring them to life. <\/p><\/div><\/div><\/div><\/div><\/div><\/div><\/div><\/div><\/div><\/div><\/div><\/div><div      class=\"vc_row wpb_row section\" style=' padding-top:0px; padding-bottom:0px; text-align:left;'><div class=\"full_section_inner clearfix\"><div class=\"wpb_animate_when_almost_visible wpb_slideInRight slideInRight wpb_column vc_column_container vc_col-sm-12\"><div class=\"vc_column-inner\"><div class=\"wpb_wrapper\"><div class='mkd_elements_holder two_columns responsive_mode_from_768' ><div class='mkd_elements_item vertical_alignment_middle horizontal_align_left fade_in' data-animation='no'><div class='mkd_elements_item_inner'><div class='mkd_elements_item_content mkd_elements_inner_702805769' style='text-align:left;padding:35px 55px 50px 55px;'><div class='mkd_icon_with_title large normal_icon  icon_border_outline left clearfix animation_zoom' ><div class=\"icon_holder\" style=\" \"><div class=\"icon_holder_inner\"><span class=\"mkd_icon_stack mkd_large_icon\" style=\"font-size: 25px;\"><i class=\"mkd_icon_ion_icon ion-android-folder-open icon_text_icon mkd_icon_stack_1x\" style=\"font-size: 25px;\" ><\/i><\/span><\/div><\/div><div class=\"icon_text_holder\" style=\"\"><div class=\"icon_title_inner_holder\"><h4 class=\"icon_title\" style=\"color: #264c59;font-size: 22px;\">Project Structuring<\/h4><div class = \"separator_holder\"><span class=\"separator\" style=\"background-color:#cfde00;height:2px;float:left;\"><\/span><\/div><\/div><div class=\"icon_text_inner\"><p style=''>We help you take that first organized step in the new businesses you have in mind\u2014both in the legal and financial realms\u2014ensuring that your new venture reaches a successful conclusion.<\/p><\/div><\/div><\/div><div class='mkd_icon_with_title large normal_icon  icon_border_outline left clearfix animation_zoom' ><div class=\"icon_holder\" style=\" \"><div class=\"icon_holder_inner\"><span class=\"mkd_icon_stack mkd_large_icon\" style=\"font-size: 25px;\"><i class=\"mkd_icon_ion_icon ion-leaf icon_text_icon mkd_icon_stack_1x\" style=\"font-size: 25px;\" ><\/i><\/span><\/div><\/div><div class=\"icon_text_holder\" style=\"\"><div class=\"icon_title_inner_holder\"><h4 class=\"icon_title\" style=\"color: #264c59;font-size: 22px;\">Sustainable Projects<\/h4><div class = \"separator_holder\"><span class=\"separator\" style=\"background-color:#cfde00;height:2px;float:left;\"><\/span><\/div><\/div><div class=\"icon_text_inner\"><p style=''>We are a socially responsible company, committed to the environment and its preservation. We have a specialized department dedicated to development, advisory, financing, and support for ecological sustainability projects, including clean water generation and utilization. <\/p><\/div><\/div><\/div><div class='mkd_icon_with_title large normal_icon  icon_border_outline left clearfix animation_zoom' ><div class=\"icon_holder\" style=\" \"><div class=\"icon_holder_inner\"><span class=\"mkd_icon_stack mkd_large_icon\" style=\"font-size: 25px;\"><i class=\"mkd_icon_ion_icon ion-ios-location icon_text_icon mkd_icon_stack_1x\" style=\"font-size: 25px;\" ><\/i><\/span><\/div><\/div><div class=\"icon_text_holder\" style=\"\"><div class=\"icon_title_inner_holder\"><h4 class=\"icon_title\" style=\"color: #264c59;font-size: 22px;\">Real Estate Projects<\/h4><div class = \"separator_holder\"><span class=\"separator\" style=\"background-color:#cfde00;height:2px;float:left;\"><\/span><\/div><\/div><div class=\"icon_text_inner\"><p style=''>Our real estate division, backed by our extensive business network and experience, allows us to provide you with the best conditions for the development of your real estate project.<\/p><\/div><\/div><\/div><\/div><\/div><\/div><div class='mkd_elements_item vertical_alignment_middle horizontal_align_left' data-animation='no' style='background-image: url(https:\/\/dextrafinanciera.com\/wp-content\/uploads\/2018\/07\/serv2bg.jpg);'><div class='mkd_elements_item_inner'><div class='mkd_elements_item_content mkd_elements_inner_1148500186' style='text-align:left;'><style type=\"text\/css\" data-type=\"mkd_elements-custom-padding\" scoped>@media only screen and (max-width: 480px) {.mkd_elements_holder .mkd_elements_item_content.mkd_elements_inner_1148500186{padding:10% 0% 0% 0%!important}}<\/style>\n\t<div class=\"wpb_single_image wpb_content_element vc_align_center  element_from_right\">\n\t\t<div class=\"wpb_wrapper\">\n\t\t\t\n\t\t\t<div class=\"vc_single_image-wrapper   vc_box_border_grey\"><img loading=\"lazy\" decoding=\"async\" width=\"577\" height=\"627\" src=\"https:\/\/dextrafinanciera.com\/wp-content\/uploads\/2018\/07\/servicios02.png\" class=\"vc_single_image-img attachment-full\" alt=\"\" title=\"servicios02\" srcset=\"https:\/\/dextrafinanciera.com\/wp-content\/uploads\/2018\/07\/servicios02.png 577w, https:\/\/dextrafinanciera.com\/wp-content\/uploads\/2018\/07\/servicios02-276x300.png 276w\" sizes=\"auto, (max-width: 577px) 100vw, 577px\" \/><\/div>\n\t\t<\/div>\n\t<\/div>\n<\/div><\/div><\/div><\/div><\/div><\/div><\/div><\/div><\/div>\n<\/div>","protected":false},"excerpt":{"rendered":"OFRECEMOS UNA VASTA GAMA DE SERVICIOS EN EL\u00a0\u00c1MBITO FINANCIERO, JUR\u00cdDICO, PATRIMONIAL Y DE NEGOCIOS. FINANCIAMIENTO Cr\u00e9dito simple o en cuenta corriente, personal o corporativo, bajo diversos esquemas de garant\u00eda desde $50,000 a $5,000,000 de pesos, todo ello siempre buscando el crecimiento de tu empresa o...","protected":false},"author":1,"featured_media":0,"parent":0,"menu_order":0,"comment_status":"open","ping_status":"open","template":"full_width.php","meta":{"footnotes":""},"class_list":["post-2403","page","type-page","status-publish","hentry"],"_links":{"self":[{"href":"https:\/\/dextrafinanciera.com\/en\/wp-json\/wp\/v2\/pages\/2403","targetHints":{"allow":["GET"]}}],"collection":[{"href":"https:\/\/dextrafinanciera.com\/en\/wp-json\/wp\/v2\/pages"}],"about":[{"href":"https:\/\/dextrafinanciera.com\/en\/wp-json\/wp\/v2\/types\/page"}],"author":[{"embeddable":true,"href":"https:\/\/dextrafinanciera.com\/en\/wp-json\/wp\/v2\/users\/1"}],"replies":[{"embeddable":true,"href":"https:\/\/dextrafinanciera.com\/en\/wp-json\/wp\/v2\/comments?post=2403"}],"version-history":[{"count":94,"href":"https:\/\/dextrafinanciera.com\/en\/wp-json\/wp\/v2\/pages\/2403\/revisions"}],"predecessor-version":[{"id":2781,"href":"https:\/\/dextrafinanciera.com\/en\/wp-json\/wp\/v2\/pages\/2403\/revisions\/2781"}],"wp:attachment":[{"href":"https:\/\/dextrafinanciera.com\/en\/wp-json\/wp\/v2\/media?parent=2403"}],"curies":[{"name":"wp","href":"https:\/\/api.w.org\/{rel}","templated":true}]}}