{"id":2479,"date":"2018-07-18T13:15:29","date_gmt":"2018-07-18T19:15:29","guid":{"rendered":"http:\/\/dextrafinanciera.com\/?page_id=2479"},"modified":"2018-09-24T12:01:13","modified_gmt":"2018-09-24T18:01:13","slug":"conocenos","status":"publish","type":"page","link":"https:\/\/dextrafinanciera.com\/en\/conocenos\/","title":{"rendered":"About Us"},"content":{"rendered":"<div class=\"wpb-content-wrapper\"><div      class=\"vc_row wpb_row section\" style=' text-align:left;'><div class=\"full_section_inner clearfix\"><div class=\"wpb_column vc_column_container vc_col-sm-12\"><div class=\"vc_column-inner\"><div class=\"wpb_wrapper\">\n\t<div class=\"wpb_raw_code wpb_raw_html wpb_content_element\" >\n\t\t<div class=\"wpb_wrapper\">\n\t\t\t<!-- TradingView Widget BEGIN -->\n<div class=\"tradingview-widget-container\">\n  <div class=\"tradingview-widget-container__widget\"><\/div>\n  <script type=\"text\/javascript\" src=\"https:\/\/s3.tradingview.com\/external-embedding\/embed-widget-tickers.js\" async>\n  {\n  \"symbols\": [\n    {\n      \"title\": \"Nasdaq 100\",\n      \"proName\": \"INDEX:IUXX\"\n    },\n    {\n      \"title\": \"EUR\/USD\",\n      \"proName\": \"FX_IDC:EURUSD\"\n    },\n    {\n      \"description\": \"DOW JONES\",\n      \"proName\": \"FX:USDOLLAR\"\n    },\n    {\n      \"description\": \"EUR\/MXP\",\n      \"proName\": \"FOREXCOM:EURMXN\"\n    },\n    {\n      \"description\": \"USD\/MXP\",\n      \"proName\": \"FX_IDC:USDMXN\"\n    },\n    {\n      \"description\": \"EUR\/USA\",\n      \"proName\": \"FX:EURUSD\"\n    }\n  ],\n  \"locale\": \"en\"\n}\n  <\/script>\n<\/div>\n<!-- TradingView Widget END -->\n\t\t<\/div>\n\t<\/div>\n<\/div><\/div><\/div><\/div><\/div><div      class=\"vc_row wpb_row section\" style=' padding-top:0px; padding-bottom:0px; text-align:left;'><div class=\"full_section_inner clearfix\"><div class=\"wpb_animate_when_almost_visible wpb_slideInUp slideInUp wpb_column vc_column_container vc_col-sm-12\"><div class=\"vc_column-inner\"><div class=\"wpb_wrapper\"><div class='mkd_elements_holder two_columns responsive_mode_from_768'  style='background-color:#264c59'><div class='mkd_elements_item vertical_alignment_middle horizontal_align_left' data-animation='no'><div class='mkd_elements_item_inner'><div class='mkd_elements_item_content mkd_elements_inner_1719782135' style='text-align:left;padding:35px 55px 50px 55px;'>\n\t<div class=\"wpb_text_column wpb_content_element  vc_custom_1532021171039\">\n\t\t<div class=\"wpb_wrapper\">\n\t\t\t<h2 style=\"color: white; text-align: left;\"><em>Our Most Important Asset Is You.<\/em><\/h2>\n\n\t\t<\/div> \n\t<\/div> \n\t<div class=\"wpb_text_column wpb_content_element\">\n\t\t<div class=\"wpb_wrapper\">\n\t\t\t<p style=\"color: white;\">We know that today there are many financing options, but few are truly reliable and offer optimal conditions. Even fewer understand clients' needs and allow for genuine negotiations. That\u2019s why at Dextra Financiera, we understand you and put our services at your disposal.<\/p>\n<p>&nbsp;<\/p>\n<p style=\"color: white;\">Our partners are professionals with extensive experience in both national and international markets\u2014not only in finance, but also in accounting, legal, political, and business sectors. This expertise allows us to offer a broader range of services tailored to meet your needs.<\/p>\n<p>&nbsp;<\/p>\n<p style=\"color: white;\">We carry out treasury management operations, debt restructuring, financing, factoring, and various legal, financial, and advisory services.<\/p>\n\n\t\t<\/div> \n\t<\/div> <\/div><\/div><\/div><div class='mkd_elements_item vertical_alignment_middle horizontal_align_left' data-animation='no' style='background-image: url(https:\/\/dextrafinanciera.com\/wp-content\/uploads\/2018\/07\/bg_img01.jpg);'><div class='mkd_elements_item_inner'><div class='mkd_elements_item_content mkd_elements_inner_856529670' style='text-align:left;'><style type=\"text\/css\" data-type=\"mkd_elements-custom-padding\" scoped>@media only screen and (max-width: 480px) {.mkd_elements_holder .mkd_elements_item_content.mkd_elements_inner_856529670{padding:10% 0% 0% 0%!important}}<\/style>\n\t<div class=\"wpb_single_image wpb_content_element vc_align_center  element_from_right\">\n\t\t<div class=\"wpb_wrapper\">\n\t\t\t\n\t\t\t<div class=\"vc_single_image-wrapper   vc_box_border_grey\"><img loading=\"lazy\" decoding=\"async\" width=\"577\" height=\"627\" src=\"https:\/\/dextrafinanciera.com\/wp-content\/uploads\/2018\/07\/conoce_img01.png\" class=\"vc_single_image-img attachment-full\" alt=\"\" title=\"conoce_img01\" srcset=\"https:\/\/dextrafinanciera.com\/wp-content\/uploads\/2018\/07\/conoce_img01.png 577w, https:\/\/dextrafinanciera.com\/wp-content\/uploads\/2018\/07\/conoce_img01-276x300.png 276w\" sizes=\"auto, (max-width: 577px) 100vw, 577px\" \/><\/div>\n\t\t<\/div>\n\t<\/div>\n<\/div><\/div><\/div><\/div><\/div><\/div><\/div><\/div><\/div><div      class=\"vc_row wpb_row section\" style='background-color:#f6f6f6; padding-top:70px; padding-bottom:20px; text-align:left;'><div class=\"full_section_inner clearfix\" style='padding-left: 5%;padding-right: 5%'><div class=\"wpb_column vc_column_container vc_col-sm-2\"><div class=\"vc_column-inner vc_custom_1531940975639\"><div class=\"wpb_wrapper\"><\/div><\/div><\/div><div class=\"wpb_animate_when_almost_visible wpb_slideInUp slideInUp wpb_column vc_column_container vc_col-sm-8\"><div class=\"vc_column-inner\"><div class=\"wpb_wrapper\">\n\t<div class=\"wpb_text_column wpb_content_element\">\n\t\t<div class=\"wpb_wrapper\">\n\t\t\t<h2 style=\"text-align: center;\"><em>Our Values<\/em><\/h2>\n\n\t\t<\/div> \n\t<\/div> \n\t<div class=\"wpb_text_column wpb_content_element  vc_custom_1532036909807\">\n\t\t<div class=\"wpb_wrapper\">\n\t\t\t<p style=\"text-align: center;\">We are a group committed to protecting your business, your wealth, and your stability, guided by a clear and tailored direction that ensures the best path for you.<\/p>\n\n\t\t<\/div> \n\t<\/div> <\/div><\/div><\/div><div class=\"wpb_column vc_column_container vc_col-sm-2\"><div class=\"vc_column-inner\"><div class=\"wpb_wrapper\"><\/div><\/div><\/div><\/div><\/div><div      class=\"vc_row wpb_row section grid_section\" style='background-color:#f6f6f6; padding-bottom:80px; text-align:left;'><div class=\"section_inner clearfix\"><div class='section_inner_margin clearfix'><div class=\"wpb_animate_when_almost_visible wpb_slideInLeft slideInLeft wpb_column vc_column_container vc_col-sm-6\"><div class=\"vc_column-inner\"><div class=\"wpb_wrapper\"><div class='mkd_icon_with_title tiny circle  icon_border_outline left clearfix' data-icon-hover-color=\"#cfde00\" data-icon-hover-background-color=\"#264c59\" ><div class=\"icon_holder\" style=\" \"><div class=\"icon_holder_inner\"><span class=\"mkd_icon_stack mkd_tiny_icon\" style=\"color: #ffffff;background-color: #264c59;\"><i class=\"mkd_icon_font_awesome fa fa-flag icon_text_icon mkd_icon_stack_1x\" style=\"\" ><\/i><span class=\"animation_overlay\" ><\/span><\/span><\/div><\/div><div class=\"icon_text_holder\" style=\"\"><div class=\"icon_title_inner_holder\"><h5 class=\"icon_title\" style=\"color: #264c59;\">Security<\/h5><\/div><div class=\"icon_text_inner\"><p style=''>We carry out all our operations under the highest security standards to protect our clients. <\/p><\/div><\/div><\/div><div class='mkd_icon_with_title tiny circle  icon_border_outline left clearfix' data-icon-hover-color=\"#cfde00\" data-icon-hover-background-color=\"#264c59\" ><div class=\"icon_holder\" style=\" \"><div class=\"icon_holder_inner\"><span class=\"mkd_icon_stack mkd_tiny_icon\" style=\"color: #ffffff;background-color: #264c59;\"><i class=\"mkd_icon_font_awesome fa fa-shield icon_text_icon mkd_icon_stack_1x\" style=\"\" ><\/i><span class=\"animation_overlay\" ><\/span><\/span><\/div><\/div><div class=\"icon_text_holder\" style=\"\"><div class=\"icon_title_inner_holder\"><h5 class=\"icon_title\" style=\"color: #264c59;\">Transparency<\/h5><\/div><div class=\"icon_text_inner\"><p style=''>Our operations strictly adhere to regulatory standards and are always monitored by CONDUSEF and CNBV, ensuring maximum certainty for you. <\/p><\/div><\/div><\/div><div class='mkd_icon_with_title tiny circle  icon_border_outline left clearfix' data-icon-hover-color=\"#cfde00\" data-icon-hover-background-color=\"#264c59\" ><div class=\"icon_holder\" style=\" \"><div class=\"icon_holder_inner\"><span class=\"mkd_icon_stack mkd_tiny_icon\" style=\"color: #ffffff;background-color: #264c59;\"><i class=\"mkd_icon_font_awesome fa fa-male icon_text_icon mkd_icon_stack_1x\" style=\"\" ><\/i><span class=\"animation_overlay\" ><\/span><\/span><\/div><\/div><div class=\"icon_text_holder\" style=\"\"><div class=\"icon_title_inner_holder\"><h5 class=\"icon_title\" style=\"color: #264c59;\">Professionalism<\/h5><\/div><div class=\"icon_text_inner\"><p style=''>Our partners, collaborators, and associated companies are carefully selected based on specialized expertise, forming a team that meets the highest industry standards. <\/p><\/div><\/div><\/div><\/div><\/div><\/div><div class=\"wpb_animate_when_almost_visible wpb_slideInRight slideInRight wpb_column vc_column_container vc_col-sm-6\"><div class=\"vc_column-inner\"><div class=\"wpb_wrapper\"><div class='mkd_icon_with_title tiny circle  icon_border_outline left clearfix' data-icon-hover-color=\"#cfde00\" data-icon-hover-background-color=\"#264c59\" ><div class=\"icon_holder\" style=\" \"><div class=\"icon_holder_inner\"><span class=\"mkd_icon_stack mkd_tiny_icon\" style=\"color: #ffffff;background-color: #264c59;\"><i class=\"mkd_icon_font_awesome fa fa-calculator icon_text_icon mkd_icon_stack_1x\" style=\"\" ><\/i><span class=\"animation_overlay\" ><\/span><\/span><\/div><\/div><div class=\"icon_text_holder\" style=\"\"><div class=\"icon_title_inner_holder\"><h5 class=\"icon_title\" style=\"color: #264c59;\">Personalization<\/h5><\/div><div class=\"icon_text_inner\"><p style=''>We provide tailored solutions to specific challenges. Each of our contracts is custom-made, negotiated individually to ensure flexibility in every transaction, adapting to the needs of our users\u2014never the other way around. <\/p><\/div><\/div><\/div><div class='mkd_icon_with_title tiny circle  icon_border_outline left clearfix' data-icon-hover-color=\"#cfde00\" data-icon-hover-background-color=\"#264c59\" ><div class=\"icon_holder\" style=\" \"><div class=\"icon_holder_inner\"><span class=\"mkd_icon_stack mkd_tiny_icon\" style=\"color: #ffffff;background-color: #264c59;\"><i class=\"mkd_icon_font_awesome fa fa-pie-chart icon_text_icon mkd_icon_stack_1x\" style=\"\" ><\/i><span class=\"animation_overlay\" ><\/span><\/span><\/div><\/div><div class=\"icon_text_holder\" style=\"\"><div class=\"icon_title_inner_holder\"><h5 class=\"icon_title\" style=\"color: #264c59;\">Competitiveness<\/h5><\/div><div class=\"icon_text_inner\"><p style=''>We secure the best market rates, offering serious and reliable financial conditions, with short response times aligned with our clients' needs. <\/p><\/div><\/div><\/div><\/div><\/div><\/div><\/div><\/div><\/div>\n<\/div>","protected":false},"excerpt":{"rendered":"Nuestro principal valor eres t\u00fa Sabemos que hoy en d\u00eda existen muchas opciones de financiamiento, pocas son confiables y en \u00f3ptimas condiciones, y mucho menos son las que entienden las necesidades de los clientes y permiten una verdadera negociaci\u00f3n con ellos, es por esto que...","protected":false},"author":1,"featured_media":0,"parent":0,"menu_order":0,"comment_status":"open","ping_status":"closed","template":"full_width.php","meta":{"footnotes":""},"class_list":["post-2479","page","type-page","status-publish","hentry"],"_links":{"self":[{"href":"https:\/\/dextrafinanciera.com\/en\/wp-json\/wp\/v2\/pages\/2479","targetHints":{"allow":["GET"]}}],"collection":[{"href":"https:\/\/dextrafinanciera.com\/en\/wp-json\/wp\/v2\/pages"}],"about":[{"href":"https:\/\/dextrafinanciera.com\/en\/wp-json\/wp\/v2\/types\/page"}],"author":[{"embeddable":true,"href":"https:\/\/dextrafinanciera.com\/en\/wp-json\/wp\/v2\/users\/1"}],"replies":[{"embeddable":true,"href":"https:\/\/dextrafinanciera.com\/en\/wp-json\/wp\/v2\/comments?post=2479"}],"version-history":[{"count":41,"href":"https:\/\/dextrafinanciera.com\/en\/wp-json\/wp\/v2\/pages\/2479\/revisions"}],"predecessor-version":[{"id":2642,"href":"https:\/\/dextrafinanciera.com\/en\/wp-json\/wp\/v2\/pages\/2479\/revisions\/2642"}],"wp:attachment":[{"href":"https:\/\/dextrafinanciera.com\/en\/wp-json\/wp\/v2\/media?parent=2479"}],"curies":[{"name":"wp","href":"https:\/\/api.w.org\/{rel}","templated":true}]}}