{"id":2631,"date":"2018-08-16T15:10:05","date_gmt":"2018-08-16T21:10:05","guid":{"rendered":"http:\/\/dextrafinanciera.com\/?page_id=2631"},"modified":"2025-05-07T19:10:55","modified_gmt":"2025-05-08T01:10:55","slug":"aviso-de-privacidad","status":"publish","type":"page","link":"https:\/\/dextrafinanciera.com\/en\/aviso-de-privacidad\/","title":{"rendered":"Privacy Notice"},"content":{"rendered":"<h2 style=\"text-align: center;\"><strong>Privacy Notice<\/strong><\/h2>\n<p>&nbsp;<\/p>\n<p style=\"text-align: justify;\">(Dextra de Occidente, S.A. de C,V. SOFOM ENR, Dextra Invierte SAPI de C.V., y Dextra Holding S.A. de C.V. ), en lo sucesivo y en su conjunto \u201cDEXTRA FINANCIERA con domicilio en Av Mexico 3040 Int 901, Torre Corporativa La Novena, Guadalajara, Jalisco, M\u00e9xico.\u201d, es responsable de recabar sus datos personales, del uso que se le d\u00e9 a los mismos y de su protecci\u00f3n.<\/p>\n<p><\/br><\/p>\n<p style=\"text-align: justify;\">Su informaci\u00f3n personal ser\u00e1 utilizada para proveer los servicios y productos que ha solicitado, informarle sobre cambios en los mismos y evaluar la calidad del servicio que le brindamos y realizar estudios internos sobre h\u00e1bitos de consumo, investigaci\u00f3n crediticia, informaci\u00f3n personal, determinaci\u00f3n de capacidades t\u00e9cnicas, personales, financieras y obligacionales, estudios de mercando, contrataci\u00f3n, llenado de contratos y formularios para cr\u00e9ditos, arrendamientos, factoraje y fideicomisos de garant\u00eda, as\u00ed como integraci\u00f3n de bases de datos, y las dem\u00e1s que \u201cDEXTRA FINANCIERA\u201d pueda ejercer conforme a su objeto social.<\/p>\n<p><\/br><\/p>\n<p style=\"text-align: justify;\">Para las finalidades antes mencionadas, requerimos obtener los siguientes datos personales: nombre, edad, correo electr\u00f3nico, capacidad financiera, relaciones comerciales y bancarias, referencias laborales y\/o de prestaci\u00f3n de servicios, intereses de consumo, direcci\u00f3n y otros considerados como sensibles seg\u00fan la Ley Federal de Protecci\u00f3n de Datos Personales en Posesi\u00f3n de los Particulares.<\/p>\n<p><\/br><\/p>\n<p style=\"text-align: justify;\">Usted tiene derecho de acceder, rectificar y cancelar sus datos personales, as\u00ed como de oponerse al tratamiento de los mismos o revocar el consentimiento que para tal fin nos haya otorgado a trav\u00e9s de los procedimientos que hemos implementado. Para conocer dichos procedimientos, los requisitos y plazos, se puede poner en contacto con nuestro departamento de datos personales en nuestro domicilio, a los tel\u00e9fonos (33) 8000-0061 o Fax (33) 8000-0013 v\u00eda correo electr\u00f3nico info@dextrafinanciera.com o visitar nuestra p\u00e1gina de Internet https:\/\/ dextrafinanciera.com, en donde de igual forma Usted puede solicitar dejar de recibir mensajes promocionales de nuestra parte.<\/p>\n<p><\/br><\/p>\n<p style=\"text-align: justify;\">En los t\u00e9rminos del art\u00edculo 17 del Reglamento a la Ley y los art\u00edculos 10, fracci\u00f3n IV y 37, fracci\u00f3n VII de la Ley, no se requerir\u00e1 el consentimiento t\u00e1cito o expreso para el tratamiento de los datos personales cuando \u00e9stos deriven de una relaci\u00f3n jur\u00eddica entre Usted y \u201cDEXTRA FINANCIERA\u201d.<\/p>\n<p><\/br><\/p>\n<p style=\"text-align: justify;\">Asimismo, le informamos que sus datos personales pueden ser transferidos y tratados dentro y fuera del pa\u00eds, por personas distintas a esta Empresa. En ese sentido, su informaci\u00f3n puede ser compartida con filiales, empresas relacionadas, sociedades de investigaci\u00f3n crediticia y reclutamiento de personal, para los fines ya antes se\u00f1alados. Si Usted no manifiesta su oposici\u00f3n para que sus datos personales sean transferidos, se entender\u00e1 que ha otorgado su consentimiento para ello, por el simple hecho de comunicarlos o proporcionarlos a \u201cDEXTRA FINANCIERA\u201d.<\/p>\n<p><\/br><\/p>\n<p style=\"text-align: justify;\">Le informamos que utilizamos cookies y web beacons para obtener informaci\u00f3n personal de Usted como la siguiente: Su tipo de navegador y sistema operativo, las p\u00e1ginas de Internet que visita, los v\u00ednculos que sigue, la direcci\u00f3n IP, el sitio que visit\u00f3 antes de entrar al nuestro. Estas cookies y otras tecnolog\u00edas pueden ser deshabilitadas. Para conocer c\u00f3mo hacerlo, consulte el p\u00f3ngase en contacto con Nosotros v\u00eda correo electr\u00f3nico y con gusto lo asesoraremos en ello.<\/p>\n<p><\/br><\/p>\n<p style=\"text-align: justify;\">Si usted considera que su derecho de protecci\u00f3n de datos personales ha sido lesionado por alguna conducta de nuestros empleados o de nuestras actuaciones o respuestas, presume que en el tratamiento de sus datos personales existe alguna violaci\u00f3n a las disposiciones previstas en la Ley Federal de Protecci\u00f3n de Datos Personales en Posesi\u00f3n de los Particulares, podr\u00e1 informarlo en la unidad de atenci\u00f3n a solicitudes de datos personales ubicada en nuestro domicilio o interponer la queja o denuncia correspondiente ante la Autoridad de la materia; para mayor informaci\u00f3n visitar www.ifai.org.mx.<\/p>\n<p><\/br><\/p>\n<p style=\"text-align: justify;\">Cualquier modificaci\u00f3n a este aviso de privacidad podr\u00e1 consultarla en nuestra p\u00e1gina web https:\/\/dextrafinanciera.com.<\/p>\n<p style=\"text-align: justify;\">Este aviso de privacidad fue actualizado por \u00faltima vez el 7 de Mayo del 2025.<\/p>\n<p>&nbsp;<\/p>","protected":false},"excerpt":{"rendered":"<p>Aviso de Privacidad &nbsp; (Dextra de Occidente, S.A. de C,V. SOFOM ENR, Dextra Invierte SAPI de C.V., y Dextra Holding S.A. de C.V. ), en lo sucesivo y en su conjunto \u201cDEXTRA FINANCIERA con domicilio en Av Mexico 3040 Int 901, Torre Corporativa La Novena,&#8230;<\/p>","protected":false},"author":1,"featured_media":0,"parent":0,"menu_order":0,"comment_status":"closed","ping_status":"closed","template":"","meta":{"footnotes":""},"class_list":["post-2631","page","type-page","status-publish","hentry"],"_links":{"self":[{"href":"https:\/\/dextrafinanciera.com\/en\/wp-json\/wp\/v2\/pages\/2631","targetHints":{"allow":["GET"]}}],"collection":[{"href":"https:\/\/dextrafinanciera.com\/en\/wp-json\/wp\/v2\/pages"}],"about":[{"href":"https:\/\/dextrafinanciera.com\/en\/wp-json\/wp\/v2\/types\/page"}],"author":[{"embeddable":true,"href":"https:\/\/dextrafinanciera.com\/en\/wp-json\/wp\/v2\/users\/1"}],"replies":[{"embeddable":true,"href":"https:\/\/dextrafinanciera.com\/en\/wp-json\/wp\/v2\/comments?post=2631"}],"version-history":[{"count":7,"href":"https:\/\/dextrafinanciera.com\/en\/wp-json\/wp\/v2\/pages\/2631\/revisions"}],"predecessor-version":[{"id":2798,"href":"https:\/\/dextrafinanciera.com\/en\/wp-json\/wp\/v2\/pages\/2631\/revisions\/2798"}],"wp:attachment":[{"href":"https:\/\/dextrafinanciera.com\/en\/wp-json\/wp\/v2\/media?parent=2631"}],"curies":[{"name":"wp","href":"https:\/\/api.w.org\/{rel}","templated":true}]}}